{"id":1351,"date":"2024-09-30T08:14:29","date_gmt":"2024-09-30T08:14:29","guid":{"rendered":"https:\/\/karabeyoglupetrol.com.tr\/?page_id=1351"},"modified":"2024-10-01T13:18:41","modified_gmt":"2024-10-01T13:18:41","slug":"genel-bakis","status":"publish","type":"page","link":"https:\/\/karabeyoglupetrol.com.tr\/?page_id=1351","title":{"rendered":"Genel Bak\u0131\u015f"},"content":{"rendered":"\t\t<div data-elementor-type=\"wp-page\" data-elementor-id=\"1351\" class=\"elementor elementor-1351\" data-elementor-post-type=\"page\">\n\t\t\t\t<div class=\"elementor-element elementor-element-794cc50 e-flex e-con-boxed e-con e-parent\" data-id=\"794cc50\" data-element_type=\"container\">\n\t\t\t\t\t<div class=\"e-con-inner\">\n\t\t\t\t<div class=\"elementor-element elementor-element-13fbfbd elementor-widget elementor-widget-text-editor\" data-id=\"13fbfbd\" data-element_type=\"widget\" data-widget_type=\"text-editor.default\">\n\t\t\t\t<div class=\"elementor-widget-container\">\n\t\t\t\t\t\t\t<p><b>Genel Bak\u0131\u015f<br \/>Nazmi Akp\u0131nar \u015e\u0130rketleri<\/b>, kendi fonksiyon alanlar\u0131nda, Akp\u0131nar Sanayi B\u00f6lgesi ile \u00e7evresinin bu g\u00fcn ve gelecekteki ihtiya\u00e7lar\u0131n\u0131 kar\u015f\u0131lama ve b\u00f6lgede yer alan kurumlar\u0131n vizyonlar\u0131n\u0131 daha h\u0131zl\u0131 ger\u00e7ekle\u015ftirmeleri i\u00e7in \u00f6nc\u00fcl\u00fck etmektedir. <b>\u015eirketlerimizin<\/b>, toplam kalite y\u00f6netimi prensipleri \u00e7er\u00e7evesinde, profesyonel bir anlay\u0131\u015fla y\u00f6netilmektedir.<\/p><p><b>\u0130stanbul \u2013 Had\u0131mk\u00f6y\u2019deki Akp\u0131nar Sanayi B\u00f6lgesinde faaliyetlerini y\u00fcr\u00fcten Nazmi Akp\u0131nar \u015e\u0130rketleri<\/b>; \u0130stanbul, Akp\u0131nar Sanayi B\u00f6lgesi ve \u00e7evresinde yer alan farkl\u0131 sekt\u00f6rlerin ihtiya\u00e7lar\u0131na, kendine \u00f6zg\u00fc \u00e7\u00f6z\u00fcmleriyle, \u00e7a\u011fda\u015f ve geli\u015fen teknolojiye uygun, m\u00fc\u015fteri memnuniyetine odakl\u0131 hizmet vermektedir<\/p>\t\t\t\t\t\t<\/div>\n\t\t\t\t<\/div>\n\t\t\t\t\t<\/div>\n\t\t\t\t<\/div>\n\t\t\t\t<\/div>\n\t\t","protected":false},"excerpt":{"rendered":"<p>Genel Bak\u0131\u015fNazmi Akp\u0131nar \u015e\u0130rketleri, kendi fonksiyon alanlar\u0131nda, Akp\u0131nar Sanayi B\u00f6lgesi ile \u00e7evresinin bu g\u00fcn ve gelecekteki ihtiya\u00e7lar\u0131n\u0131 kar\u015f\u0131lama ve b\u00f6lgede yer alan kurumlar\u0131n vizyonlar\u0131n\u0131 daha h\u0131zl\u0131 ger\u00e7ekle\u015ftirmeleri i\u00e7in \u00f6nc\u00fcl\u00fck etmektedir. \u015eirketlerimizin, toplam kalite y\u00f6netimi prensipleri \u00e7er\u00e7evesinde, profesyonel bir anlay\u0131\u015fla y\u00f6netilmektedir. \u0130stanbul \u2013 Had\u0131mk\u00f6y\u2019deki Akp\u0131nar Sanayi B\u00f6lgesinde faaliyetlerini y\u00fcr\u00fcten Nazmi Akp\u0131nar [&hellip;]<\/p>\n","protected":false},"author":1,"featured_media":0,"parent":0,"menu_order":0,"comment_status":"closed","ping_status":"closed","template":"","meta":{"footnotes":""},"class_list":["post-1351","page","type-page","status-publish","hentry"],"_links":{"self":[{"href":"https:\/\/karabeyoglupetrol.com.tr\/index.php?rest_route=\/wp\/v2\/pages\/1351","targetHints":{"allow":["GET"]}}],"collection":[{"href":"https:\/\/karabeyoglupetrol.com.tr\/index.php?rest_route=\/wp\/v2\/pages"}],"about":[{"href":"https:\/\/karabeyoglupetrol.com.tr\/index.php?rest_route=\/wp\/v2\/types\/page"}],"author":[{"embeddable":true,"href":"https:\/\/karabeyoglupetrol.com.tr\/index.php?rest_route=\/wp\/v2\/users\/1"}],"replies":[{"embeddable":true,"href":"https:\/\/karabeyoglupetrol.com.tr\/index.php?rest_route=%2Fwp%2Fv2%2Fcomments&post=1351"}],"version-history":[{"count":7,"href":"https:\/\/karabeyoglupetrol.com.tr\/index.php?rest_route=\/wp\/v2\/pages\/1351\/revisions"}],"predecessor-version":[{"id":1537,"href":"https:\/\/karabeyoglupetrol.com.tr\/index.php?rest_route=\/wp\/v2\/pages\/1351\/revisions\/1537"}],"wp:attachment":[{"href":"https:\/\/karabeyoglupetrol.com.tr\/index.php?rest_route=%2Fwp%2Fv2%2Fmedia&parent=1351"}],"curies":[{"name":"wp","href":"https:\/\/api.w.org\/{rel}","templated":true}]}}