{"id":1361,"date":"2024-09-30T08:14:30","date_gmt":"2024-09-30T08:14:30","guid":{"rendered":"https:\/\/karabeyoglupetrol.com.tr\/?page_id=1361"},"modified":"2024-10-02T06:52:50","modified_gmt":"2024-10-02T06:52:50","slug":"gizlilik","status":"publish","type":"page","link":"https:\/\/karabeyoglupetrol.com.tr\/?page_id=1361","title":{"rendered":"Gizlilik"},"content":{"rendered":"\t\t<div data-elementor-type=\"wp-page\" data-elementor-id=\"1361\" class=\"elementor elementor-1361\" data-elementor-post-type=\"page\">\n\t\t\t\t<div class=\"elementor-element elementor-element-5598838 e-flex e-con-boxed e-con e-parent\" data-id=\"5598838\" data-element_type=\"container\">\n\t\t\t\t\t<div class=\"e-con-inner\">\n\t\t\t\t<div class=\"elementor-element elementor-element-d18546a elementor-widget elementor-widget-text-editor\" data-id=\"d18546a\" data-element_type=\"widget\" data-widget_type=\"text-editor.default\">\n\t\t\t\t<div class=\"elementor-widget-container\">\n\t\t\t\t\t\t\t<h1 class=\"baslik1solsag\">Gizlilik<\/h1><div class=\"orta-kutu-sol-sag orta-kutu-sol-sag-icerik\"><p><span><strong>Nazmi Akp\u0131nar \u015eirketleri\u00a0<\/strong>web sitesine ho\u015f geldiniz. Size ait bilgilerin gizlili\u011fi bizim i\u00e7in \u00f6nemlidir. Ki\u015fisel bilgilerinizin gizlili\u011fi ve bunu sa\u011flayacak altyap\u0131n\u0131n gereklili\u011fine olan inanc\u0131m\u0131z\u0131n bir g\u00f6stergesi olarak, internetten bize ula\u015ft\u0131raca\u011f\u0131n\u0131z ki\u015fisel (isim, telefon, faks, adres, e-mail, demografik bilgiler, hesap numaras\u0131 vb.) bilgilerinizin gizlili\u011finin bizim i\u00e7in esas te\u015fkil etti\u011fini ve bu konuda kanunlarla yetkili k\u0131l\u0131nan merciler d\u0131\u015f\u0131nda herhangi bir kurum ve kurulu\u015f ile payla\u015f\u0131lmayaca\u011f\u0131n\u0131, teyit ve taahh\u00fct ederiz.<\/span><\/p><p><\/p><p><span><strong>Nazmi Akp\u0131nar \u015eirketleri<\/strong>, bu internet sitesinde yer alan bilgilerin do\u011frulu\u011funun, yeterlili\u011finin, g\u00fcncelli\u011finin ve eksiksizli\u011finin sa\u011flanmas\u0131 y\u00f6n\u00fcnde s\u00fcrekli \u00e7al\u0131\u015fsa da bu bilgilerdeki hatalar ve eksiklikler nedeniyle do\u011fabilecek maddi manevi t\u00fcm risklerden ve zararlardan dolay\u0131 sorumlu tutulamaz.<\/span><\/p><\/div>\t\t\t\t\t\t<\/div>\n\t\t\t\t<\/div>\n\t\t\t\t\t<\/div>\n\t\t\t\t<\/div>\n\t\t\t\t<\/div>\n\t\t","protected":false},"excerpt":{"rendered":"<p>Gizlilik Nazmi Akp\u0131nar \u015eirketleri\u00a0web sitesine ho\u015f geldiniz. Size ait bilgilerin gizlili\u011fi bizim i\u00e7in \u00f6nemlidir. Ki\u015fisel bilgilerinizin gizlili\u011fi ve bunu sa\u011flayacak altyap\u0131n\u0131n gereklili\u011fine olan inanc\u0131m\u0131z\u0131n bir g\u00f6stergesi olarak, internetten bize ula\u015ft\u0131raca\u011f\u0131n\u0131z ki\u015fisel (isim, telefon, faks, adres, e-mail, demografik bilgiler, hesap numaras\u0131 vb.) bilgilerinizin gizlili\u011finin bizim i\u00e7in esas te\u015fkil etti\u011fini ve bu [&hellip;]<\/p>\n","protected":false},"author":1,"featured_media":0,"parent":0,"menu_order":0,"comment_status":"closed","ping_status":"closed","template":"","meta":{"footnotes":""},"class_list":["post-1361","page","type-page","status-publish","hentry"],"_links":{"self":[{"href":"https:\/\/karabeyoglupetrol.com.tr\/index.php?rest_route=\/wp\/v2\/pages\/1361","targetHints":{"allow":["GET"]}}],"collection":[{"href":"https:\/\/karabeyoglupetrol.com.tr\/index.php?rest_route=\/wp\/v2\/pages"}],"about":[{"href":"https:\/\/karabeyoglupetrol.com.tr\/index.php?rest_route=\/wp\/v2\/types\/page"}],"author":[{"embeddable":true,"href":"https:\/\/karabeyoglupetrol.com.tr\/index.php?rest_route=\/wp\/v2\/users\/1"}],"replies":[{"embeddable":true,"href":"https:\/\/karabeyoglupetrol.com.tr\/index.php?rest_route=%2Fwp%2Fv2%2Fcomments&post=1361"}],"version-history":[{"count":4,"href":"https:\/\/karabeyoglupetrol.com.tr\/index.php?rest_route=\/wp\/v2\/pages\/1361\/revisions"}],"predecessor-version":[{"id":1558,"href":"https:\/\/karabeyoglupetrol.com.tr\/index.php?rest_route=\/wp\/v2\/pages\/1361\/revisions\/1558"}],"wp:attachment":[{"href":"https:\/\/karabeyoglupetrol.com.tr\/index.php?rest_route=%2Fwp%2Fv2%2Fmedia&parent=1361"}],"curies":[{"name":"wp","href":"https:\/\/api.w.org\/{rel}","templated":true}]}}