{"id":1453,"date":"2024-09-30T08:15:27","date_gmt":"2024-09-30T08:15:27","guid":{"rendered":"https:\/\/karabeyoglupetrol.com.tr\/?page_id=1453"},"modified":"2024-10-02T07:13:29","modified_gmt":"2024-10-02T07:13:29","slug":"kariyer-planlamasi","status":"publish","type":"page","link":"https:\/\/karabeyoglupetrol.com.tr\/?page_id=1453","title":{"rendered":"Kariyer Planlamas\u0131"},"content":{"rendered":"\t\t<div data-elementor-type=\"wp-page\" data-elementor-id=\"1453\" class=\"elementor elementor-1453\" data-elementor-post-type=\"page\">\n\t\t\t\t<div class=\"elementor-element elementor-element-bd650a4 e-flex e-con-boxed e-con e-parent\" data-id=\"bd650a4\" data-element_type=\"container\">\n\t\t\t\t\t<div class=\"e-con-inner\">\n\t\t\t\t<div class=\"elementor-element elementor-element-a2fa0a4 elementor-widget elementor-widget-text-editor\" data-id=\"a2fa0a4\" data-element_type=\"widget\" data-widget_type=\"text-editor.default\">\n\t\t\t\t<div class=\"elementor-widget-container\">\n\t\t\t\t\t\t\t<h1 class=\"baslik1solsag\">Kariyer Planlamas\u0131<\/h1><div class=\"orta-kutu-sol-sag orta-kutu-sol-sag-icerik\"><ul><li><span>Kariyer planlamas\u0131, performans de\u011ferlendirme sistemimize odakl\u0131 yap\u0131lmaktad\u0131r. Grup ve bireysel \u015firketlerin hedeflerinin tutturulmas\u0131 amac\u0131 ile elde edilen kazan\u0131mlar, \u00e7al\u0131\u015fanlar\u0131n en ba\u015far\u0131l\u0131 olduklar\u0131 alanlar\u0131 ke\u015ffetmelerine, eksikli\u011fini duyduklar\u0131 konularda e\u011fitim talep etmelerine ve kendi vizyonlar\u0131n\u0131 olu\u015fturmalar\u0131na kaynakl\u0131k etmektedir. \u00dcst y\u00f6netim ve \u0130nsan Kaynaklar\u0131 birimi<strong>,\u00a0<\/strong>\u00e7al\u0131\u015fanlar\u0131m\u0131z\u0131n kapasitelerini ke\u015ffetme, geli\u015ftirme ve y\u00f6nlendirme a\u015famalar\u0131nda onlara kaynakl\u0131k ve dan\u0131\u015fmanl\u0131k yapmaktad\u0131rlar.<\/span><\/li><\/ul><\/div>\t\t\t\t\t\t<\/div>\n\t\t\t\t<\/div>\n\t\t\t\t\t<\/div>\n\t\t\t\t<\/div>\n\t\t\t\t<\/div>\n\t\t","protected":false},"excerpt":{"rendered":"<p>Kariyer Planlamas\u0131 Kariyer planlamas\u0131, performans de\u011ferlendirme sistemimize odakl\u0131 yap\u0131lmaktad\u0131r. Grup ve bireysel \u015firketlerin hedeflerinin tutturulmas\u0131 amac\u0131 ile elde edilen kazan\u0131mlar, \u00e7al\u0131\u015fanlar\u0131n en ba\u015far\u0131l\u0131 olduklar\u0131 alanlar\u0131 ke\u015ffetmelerine, eksikli\u011fini duyduklar\u0131 konularda e\u011fitim talep etmelerine ve kendi vizyonlar\u0131n\u0131 olu\u015fturmalar\u0131na kaynakl\u0131k etmektedir. \u00dcst y\u00f6netim ve \u0130nsan Kaynaklar\u0131 birimi,\u00a0\u00e7al\u0131\u015fanlar\u0131m\u0131z\u0131n kapasitelerini ke\u015ffetme, geli\u015ftirme ve y\u00f6nlendirme a\u015famalar\u0131nda [&hellip;]<\/p>\n","protected":false},"author":1,"featured_media":0,"parent":0,"menu_order":0,"comment_status":"closed","ping_status":"closed","template":"","meta":{"footnotes":""},"class_list":["post-1453","page","type-page","status-publish","hentry"],"_links":{"self":[{"href":"https:\/\/karabeyoglupetrol.com.tr\/index.php?rest_route=\/wp\/v2\/pages\/1453","targetHints":{"allow":["GET"]}}],"collection":[{"href":"https:\/\/karabeyoglupetrol.com.tr\/index.php?rest_route=\/wp\/v2\/pages"}],"about":[{"href":"https:\/\/karabeyoglupetrol.com.tr\/index.php?rest_route=\/wp\/v2\/types\/page"}],"author":[{"embeddable":true,"href":"https:\/\/karabeyoglupetrol.com.tr\/index.php?rest_route=\/wp\/v2\/users\/1"}],"replies":[{"embeddable":true,"href":"https:\/\/karabeyoglupetrol.com.tr\/index.php?rest_route=%2Fwp%2Fv2%2Fcomments&post=1453"}],"version-history":[{"count":4,"href":"https:\/\/karabeyoglupetrol.com.tr\/index.php?rest_route=\/wp\/v2\/pages\/1453\/revisions"}],"predecessor-version":[{"id":1583,"href":"https:\/\/karabeyoglupetrol.com.tr\/index.php?rest_route=\/wp\/v2\/pages\/1453\/revisions\/1583"}],"wp:attachment":[{"href":"https:\/\/karabeyoglupetrol.com.tr\/index.php?rest_route=%2Fwp%2Fv2%2Fmedia&parent=1453"}],"curies":[{"name":"wp","href":"https:\/\/api.w.org\/{rel}","templated":true}]}}